{"id":10131,"date":"2024-05-17T06:57:09","date_gmt":"2024-05-17T06:57:09","guid":{"rendered":"https:\/\/www.kocavgozdu.si\/piskotki-copy\/"},"modified":"2024-08-06T09:27:16","modified_gmt":"2024-08-06T09:27:16","slug":"hisni-red","status":"publish","type":"page","link":"https:\/\/www.kocavgozdu.si\/en\/hisni-red\/","title":{"rendered":"House rules"},"content":{"rendered":"<div data-elementor-type=\"wp-page\" data-elementor-id=\"10131\" class=\"elementor elementor-10131\">\n\t\t\t\t\t\t\t\t\t<section class=\"elementor-section elementor-top-section elementor-element elementor-element-6326ddb elementor-section-height-min-height ct-section-stretched elementor-section-boxed elementor-section-height-default elementor-section-items-middle\" data-id=\"6326ddb\" data-element_type=\"section\" data-settings=\"{&quot;jet_parallax_layout_list&quot;:[],&quot;background_background&quot;:&quot;classic&quot;}\">\n\t\t\t\t\t\t<div class=\"elementor-container elementor-column-gap-no\">\n\t\t\t\t\t<div class=\"elementor-column elementor-col-100 elementor-top-column elementor-element elementor-element-bf20956\" data-id=\"bf20956\" data-element_type=\"column\">\n\t\t\t<div class=\"elementor-widget-wrap\">\n\t\t\t\t\t\t\t\t\t<\/div>\n\t\t<\/div>\n\t\t\t\t\t\t\t<\/div>\n\t\t<\/section>\n\t\t\t\t<section class=\"elementor-section elementor-top-section elementor-element elementor-element-444092be elementor-section-height-min-height ct-section-stretched elementor-section-boxed elementor-section-height-default elementor-section-items-middle\" data-id=\"444092be\" data-element_type=\"section\" data-settings=\"{&quot;jet_parallax_layout_list&quot;:[],&quot;background_background&quot;:&quot;gradient&quot;}\">\n\t\t\t\t\t\t<div class=\"elementor-container elementor-column-gap-no\">\n\t\t\t\t\t<div class=\"elementor-column elementor-col-100 elementor-top-column elementor-element elementor-element-33a8360d\" data-id=\"33a8360d\" data-element_type=\"column\">\n\t\t\t<div class=\"elementor-widget-wrap elementor-element-populated\">\n\t\t\t\t\t\t\t\t<div class=\"elementor-element elementor-element-19565de8 elementor-widget elementor-widget-heading\" data-id=\"19565de8\" data-element_type=\"widget\" data-widget_type=\"heading.default\">\n\t\t\t\t<div class=\"elementor-widget-container\">\n\t\t\t<style>\/*! elementor - v3.12.1 - 02-04-2023 *\/\n.elementor-heading-title{padding:0;margin:0;line-height:1}.elementor-widget-heading .elementor-heading-title[class*=elementor-size-]>a{color:inherit;font-size:inherit;line-height:inherit}.elementor-widget-heading .elementor-heading-title.elementor-size-small{font-size:15px}.elementor-widget-heading .elementor-heading-title.elementor-size-medium{font-size:19px}.elementor-widget-heading .elementor-heading-title.elementor-size-large{font-size:29px}.elementor-widget-heading .elementor-heading-title.elementor-size-xl{font-size:39px}.elementor-widget-heading .elementor-heading-title.elementor-size-xxl{font-size:59px}<\/style><h2 class=\"elementor-heading-title elementor-size-default\">HOUSE RULES<\/h2>\t\t<\/div>\n\t\t\t\t<\/div>\n\t\t\t\t\t<\/div>\n\t\t<\/div>\n\t\t\t\t\t\t\t<\/div>\n\t\t<\/section>\n\t\t\t\t<section class=\"elementor-section elementor-top-section elementor-element elementor-element-ab003c5 ct-section-stretched elementor-section-boxed elementor-section-height-default elementor-section-height-default\" data-id=\"ab003c5\" data-element_type=\"section\" data-settings=\"{&quot;jet_parallax_layout_list&quot;:[]}\">\n\t\t\t\t\t\t<div class=\"elementor-container elementor-column-gap-default\">\n\t\t\t\t\t<div class=\"elementor-column elementor-col-100 elementor-top-column elementor-element elementor-element-0777bb2\" data-id=\"0777bb2\" data-element_type=\"column\">\n\t\t\t<div class=\"elementor-widget-wrap elementor-element-populated\">\n\t\t\t\t\t\t\t\t<div class=\"elementor-element elementor-element-cc5f239 elementor-widget elementor-widget-heading\" data-id=\"cc5f239\" data-element_type=\"widget\" data-widget_type=\"heading.default\">\n\t\t\t\t<div class=\"elementor-widget-container\">\n\t\t\t<h2 class=\"elementor-heading-title elementor-size-default\">ARRIVAL OF GUEST<\/h2>\t\t<\/div>\n\t\t\t\t<\/div>\n\t\t\t\t<div class=\"elementor-element elementor-element-7363b7d elementor-widget elementor-widget-text-editor\" data-id=\"7363b7d\" data-element_type=\"widget\" data-widget_type=\"text-editor.default\">\n\t\t\t\t<div class=\"elementor-widget-container\">\n\t\t\t\t\t\t\t<div class=\"flex flex-grow flex-col gap-3\"><div class=\"min-h-[20px] flex items-start overflow-x-auto whitespace-pre-wrap break-words flex-col gap-4\"><div class=\"markdown prose w-full break-words dark:prose-invert light\"><p>The arrival of guests is between 4 pm and 6 pm, unless if it is arranged otherwise with the host.<\/p><p>The host conudcts guest registration based on valid official personal document (ID card, passport)<\/p><p>Only registered guests are allowed tostay in the apartment<\/p><p>Please notify us about any irregularities or deficiencies on the same day as you noticed them<\/p><\/div><\/div><\/div>\t\t\t\t\t\t<\/div>\n\t\t\t\t<\/div>\n\t\t\t\t<div class=\"elementor-element elementor-element-cc6115c elementor-widget elementor-widget-heading\" data-id=\"cc6115c\" data-element_type=\"widget\" data-widget_type=\"heading.default\">\n\t\t\t\t<div class=\"elementor-widget-container\">\n\t\t\t<h2 class=\"elementor-heading-title elementor-size-default\">DEPARTURE OF GUEST<\/h2>\t\t<\/div>\n\t\t\t\t<\/div>\n\t\t\t\t<div class=\"elementor-element elementor-element-eca676a elementor-widget elementor-widget-text-editor\" data-id=\"eca676a\" data-element_type=\"widget\" data-widget_type=\"text-editor.default\">\n\t\t\t\t<div class=\"elementor-widget-container\">\n\t\t\t\t\t\t\t<div class=\"flex flex-grow flex-col gap-3\"><div class=\"min-h-[20px] flex items-start overflow-x-auto whitespace-pre-wrap break-words flex-col gap-4\"><div class=\"markdown prose w-full break-words dark:prose-invert light\"><p>The apartment has to be empty until 12am if not arranged otherwise with the host. If you know please let us know about approximately hour of your departure.<\/p><p>Before you leave the host will inspect the inventory and the apartment to ensure everything is order.<\/p><p>If the time of stay is shorter than confirmed by the reservation, daily rates will be charged according to the price list.<\/p><p>Please be aware that in case of any damage on inventory, apartment or outside( garden, road, etc.) you will be charged for the damage and you will have to pay before the departure.<\/p><p>If you wish to leave the apartment before the end of your reservation you need to inform the host at least one day before the intended departure by 10 am. Otherwise, an additional day&#8217;s stay will be charged according to the price list (does not apply for the reservation made through Booking.com)<\/p><p>Before the departure make sure that you didn\u2019t forget any of your personal belongings.<\/p><p>Do not leave food or waste in the apartment. Please wash the dishes and put them back in the cabinets.<\/p><\/div><\/div><\/div>\t\t\t\t\t\t<\/div>\n\t\t\t\t<\/div>\n\t\t\t\t<div class=\"elementor-element elementor-element-5542c66 elementor-widget elementor-widget-heading\" data-id=\"5542c66\" data-element_type=\"widget\" data-widget_type=\"heading.default\">\n\t\t\t\t<div class=\"elementor-widget-container\">\n\t\t\t<h2 class=\"elementor-heading-title elementor-size-default\">GENERAL INFORMATION<\/h2>\t\t<\/div>\n\t\t\t\t<\/div>\n\t\t\t\t<div class=\"elementor-element elementor-element-4ad3cfa8 elementor-widget elementor-widget-text-editor\" data-id=\"4ad3cfa8\" data-element_type=\"widget\" data-widget_type=\"text-editor.default\">\n\t\t\t\t<div class=\"elementor-widget-container\">\n\t\t\t\t\t\t\t<div class=\"flex flex-grow flex-col gap-3\"><div class=\"min-h-[20px] flex items-start overflow-x-auto whitespace-pre-wrap break-words flex-col gap-4\"><div class=\"markdown prose w-full break-words dark:prose-invert light\"><p>The apartment has been cleaned prior to your arrival, so we kindly ask you to use slippers.<\/p><p>During your absence, please turn off all electrical appliances (close water taps, turn off lights, close windows if weather is bad, and lock the house door).<\/p><p>We strive to reduce our carbon footprint, so we kindly ask for moderation in the use of hot water, towels, and heating.<\/p><p><strong>Please do not have all lights turned on simultaneously as the electrical installation does not allow it.<\/strong><\/p><p>Electricity is obtained through solar power. In case of prolonged rain, there may be electricity shortages, in which case a generator is provided .<\/p><p>Tap water is NOT drinkable. Since there is no public water supply, only a limited amount is available.<\/p><p>Smoking is prohibited <strong>inside<\/strong>. Please throw the cigarettes in the ashtray and not in the nature due to possibility of starting a fire.<\/p><p>Pets are not allowed if not arranged with the host<\/p><p>Please recycle<\/p><p>There is a designated fire place where you can burn fire. Please no fires in the windy weather. Make sure that the fire is extinguished. Dont leave kids alone with the fire and don\u2019t make too large fire. In case of emergency use a fire extinguisher.<\/p><p>The host is not responsible for money, personal belonging, documents and other items stored in the apartment or in the car.<\/p><p>The host has a right of enter in the apartment without your presence in special occasions to prevent potential danger or damage inside of the apartment.<\/p><p>Please follow the house rules and do not disturb public peace and order, especially during the night time.<\/p><p>In case of non-compliance with the house rules, the owner reserves the right to cancel your further stay in the apartment without refund.<\/p><\/div><\/div><\/div>\t\t\t\t\t\t<\/div>\n\t\t\t\t<\/div>\n\t\t\t\t<div class=\"elementor-element elementor-element-d340a94 elementor-widget elementor-widget-text-editor\" data-id=\"d340a94\" data-element_type=\"widget\" data-widget_type=\"text-editor.default\">\n\t\t\t\t<div class=\"elementor-widget-container\">\n\t\t\t\t\t\t\t<div class=\"flex flex-grow flex-col gap-3\"><div class=\"min-h-[20px] flex items-start overflow-x-auto whitespace-pre-wrap break-words flex-col gap-4\"><div class=\"markdown prose w-full break-words dark:prose-invert light\"><p>WE WISH YOU A PLEASANT STAY IN OUR APARTMENT. FOR ANY INFORMATION DO NOT HESITATE TO CONTACT US ON .<\/p><p>+386 68 640 480 (Anja)<\/p><p>OTHER IMPORTANT NUMBER<br \/>113 POLICE<br \/>112 AMBULANCE, MOUNTAIN RESCUE<\/p><\/div><\/div><\/div>\t\t\t\t\t\t<\/div>\n\t\t\t\t<\/div>\n\t\t\t\t\t<\/div>\n\t\t<\/div>\n\t\t\t\t\t\t\t<\/div>\n\t\t<\/section>\n\t\t\t\t\t\t\t<\/div>","protected":false},"excerpt":{"rendered":"<p>HI\u0160NA PRAVILA PRIHOD GOSTOV Prihod gostov je med 16 in 18 uro, razen \u010de ni bilo z lastnikom predhodno dogovorjeno druga\u010de. Lastnik na podlagi osebnega dokumenta izvede prijavo gosta. V apartmaju lahko bivajo le prijavljeni gostje. Ob prevzemu apartmaja si v navzo\u010dnosti lastnika oglejte opremo in inventar. Na nepravilnosti oziroma pomanjkljivosti opozorite isti dan, ko jih opazite. ODHOD GOSTOV Apartma je treba zapustiti do 12. ure, razen \u010de ni z lastnikom dogovorjeno druga\u010de. Ob odhodu lastnik v va\u0161i navzo\u010dnosti preveri, ali namestitev, oprema in pribor ustrezajo prevzetemu inventarju. \u010ce je obdobje bivanja kraj\u0161e, kot je bilo potrjeno z rezervacijo, se\u2026<\/p>","protected":false},"author":1,"featured_media":0,"parent":0,"menu_order":0,"comment_status":"closed","ping_status":"closed","template":"","meta":{"_seopress_robots_primary_cat":"","footnotes":""},"class_list":["post-10131","page","type-page","status-publish","hentry"],"blocksy_meta":"","_links":{"self":[{"href":"https:\/\/www.kocavgozdu.si\/en\/wp-json\/wp\/v2\/pages\/10131","targetHints":{"allow":["GET"]}}],"collection":[{"href":"https:\/\/www.kocavgozdu.si\/en\/wp-json\/wp\/v2\/pages"}],"about":[{"href":"https:\/\/www.kocavgozdu.si\/en\/wp-json\/wp\/v2\/types\/page"}],"author":[{"embeddable":true,"href":"https:\/\/www.kocavgozdu.si\/en\/wp-json\/wp\/v2\/users\/1"}],"replies":[{"embeddable":true,"href":"https:\/\/www.kocavgozdu.si\/en\/wp-json\/wp\/v2\/comments?post=10131"}],"version-history":[{"count":13,"href":"https:\/\/www.kocavgozdu.si\/en\/wp-json\/wp\/v2\/pages\/10131\/revisions"}],"predecessor-version":[{"id":10204,"href":"https:\/\/www.kocavgozdu.si\/en\/wp-json\/wp\/v2\/pages\/10131\/revisions\/10204"}],"wp:attachment":[{"href":"https:\/\/www.kocavgozdu.si\/en\/wp-json\/wp\/v2\/media?parent=10131"}],"curies":[{"name":"wp","href":"https:\/\/api.w.org\/{rel}","templated":true}]}}