{"id":8928,"date":"2023-08-29T11:35:39","date_gmt":"2023-08-29T11:35:39","guid":{"rendered":"https:\/\/www.kmecki-turizem-krajnc.si\/vecji-in-manjsi-dogodki-copy\/"},"modified":"2024-05-14T08:22:49","modified_gmt":"2024-05-14T08:22:49","slug":"piskotki","status":"publish","type":"page","link":"https:\/\/www.kocavgozdu.si\/en\/piskotki\/","title":{"rendered":"Cookies"},"content":{"rendered":"<div data-elementor-type=\"wp-page\" data-elementor-id=\"8928\" class=\"elementor elementor-8928\">\n\t\t\t\t\t\t\t\t\t<section class=\"elementor-section elementor-top-section elementor-element elementor-element-6326ddb elementor-section-height-min-height ct-section-stretched elementor-section-boxed elementor-section-height-default elementor-section-items-middle\" data-id=\"6326ddb\" data-element_type=\"section\" data-settings=\"{&quot;jet_parallax_layout_list&quot;:[],&quot;background_background&quot;:&quot;classic&quot;}\">\n\t\t\t\t\t\t<div class=\"elementor-container elementor-column-gap-no\">\n\t\t\t\t\t<div class=\"elementor-column elementor-col-100 elementor-top-column elementor-element elementor-element-bf20956\" data-id=\"bf20956\" data-element_type=\"column\">\n\t\t\t<div class=\"elementor-widget-wrap\">\n\t\t\t\t\t\t\t\t\t<\/div>\n\t\t<\/div>\n\t\t\t\t\t\t\t<\/div>\n\t\t<\/section>\n\t\t\t\t<section class=\"elementor-section elementor-top-section elementor-element elementor-element-444092be elementor-section-height-min-height ct-section-stretched elementor-section-boxed elementor-section-height-default elementor-section-items-middle\" data-id=\"444092be\" data-element_type=\"section\" data-settings=\"{&quot;jet_parallax_layout_list&quot;:[],&quot;background_background&quot;:&quot;gradient&quot;}\">\n\t\t\t\t\t\t<div class=\"elementor-container elementor-column-gap-no\">\n\t\t\t\t\t<div class=\"elementor-column elementor-col-100 elementor-top-column elementor-element elementor-element-33a8360d\" data-id=\"33a8360d\" data-element_type=\"column\">\n\t\t\t<div class=\"elementor-widget-wrap elementor-element-populated\">\n\t\t\t\t\t\t\t\t<div class=\"elementor-element elementor-element-19565de8 elementor-widget elementor-widget-heading\" data-id=\"19565de8\" data-element_type=\"widget\" data-widget_type=\"heading.default\">\n\t\t\t\t<div class=\"elementor-widget-container\">\n\t\t\t<style>\/*! elementor - v3.12.1 - 02-04-2023 *\/\n.elementor-heading-title{padding:0;margin:0;line-height:1}.elementor-widget-heading .elementor-heading-title[class*=elementor-size-]>a{color:inherit;font-size:inherit;line-height:inherit}.elementor-widget-heading .elementor-heading-title.elementor-size-small{font-size:15px}.elementor-widget-heading .elementor-heading-title.elementor-size-medium{font-size:19px}.elementor-widget-heading .elementor-heading-title.elementor-size-large{font-size:29px}.elementor-widget-heading .elementor-heading-title.elementor-size-xl{font-size:39px}.elementor-widget-heading .elementor-heading-title.elementor-size-xxl{font-size:59px}<\/style><h2 class=\"elementor-heading-title elementor-size-default\">politika pi\u0161kotkov<\/h2>\t\t<\/div>\n\t\t\t\t<\/div>\n\t\t\t\t\t<\/div>\n\t\t<\/div>\n\t\t\t\t\t\t\t<\/div>\n\t\t<\/section>\n\t\t\t\t<section class=\"elementor-section elementor-top-section elementor-element elementor-element-ab003c5 ct-section-stretched elementor-section-boxed elementor-section-height-default elementor-section-height-default\" data-id=\"ab003c5\" data-element_type=\"section\" data-settings=\"{&quot;jet_parallax_layout_list&quot;:[]}\">\n\t\t\t\t\t\t<div class=\"elementor-container elementor-column-gap-default\">\n\t\t\t\t\t<div class=\"elementor-column elementor-col-100 elementor-top-column elementor-element elementor-element-0777bb2\" data-id=\"0777bb2\" data-element_type=\"column\">\n\t\t\t<div class=\"elementor-widget-wrap elementor-element-populated\">\n\t\t\t\t\t\t\t\t<div class=\"elementor-element elementor-element-4ad3cfa8 elementor-widget elementor-widget-text-editor\" data-id=\"4ad3cfa8\" data-element_type=\"widget\" data-widget_type=\"text-editor.default\">\n\t\t\t\t<div class=\"elementor-widget-container\">\n\t\t\t<style>\/*! elementor - v3.12.1 - 02-04-2023 *\/\n.elementor-widget-text-editor.elementor-drop-cap-view-stacked .elementor-drop-cap{background-color:#69727d;color:#fff}.elementor-widget-text-editor.elementor-drop-cap-view-framed .elementor-drop-cap{color:#69727d;border:3px solid;background-color:transparent}.elementor-widget-text-editor:not(.elementor-drop-cap-view-default) .elementor-drop-cap{margin-top:8px}.elementor-widget-text-editor:not(.elementor-drop-cap-view-default) .elementor-drop-cap-letter{width:1em;height:1em}.elementor-widget-text-editor .elementor-drop-cap{float:left;text-align:center;line-height:1;font-size:50px}.elementor-widget-text-editor .elementor-drop-cap-letter{display:inline-block}<\/style>\t\t\t\t<div class=\"flex flex-grow flex-col gap-3\"><div class=\"min-h-[20px] flex items-start overflow-x-auto whitespace-pre-wrap break-words flex-col gap-4\"><div class=\"markdown prose w-full break-words dark:prose-invert light\"><p>Na\u0161a spletna stran uporablja pi\u0161kotke, da vam omogo\u010dimo bolj\u0161o uporabni\u0161ko izku\u0161njo. Pi\u0161kotki so majhne besedilne datoteke, ki se shranijo na va\u0161em ra\u010dunalniku ali napravi, ko obi\u0161\u010dete spletno stran. Uporabljamo jih z namenom analize prometa, prilagajanja vsebine, zagotavljanja funkcionalnosti dru\u017ebenih medijev in bolj\u0161e razumevanje va\u0161ih interesov.<\/p><p><strong>Vrste pi\u0161kotkov:<\/strong><\/p><p>1. Obvezni pi\u0161kotki: Ti pi\u0161kotki so nujni za delovanje osnovnih funkcij spletne strani. Brez teh pi\u0161kotkov ne bi mogli uporabljati na\u0161e spletne strani v celoti.<\/p><p>2. Analiti\u010dni pi\u0161kotki: Ti pi\u0161kotki nam omogo\u010dajo sledenje anonimnih podatkov o tem, kako uporabljate na\u0161o spletno stran. Te informacije nam pomagajo izbolj\u0161ati strukturo in vsebino spletne strani.<\/p><p>3. Funkcionalni pi\u0161kotki: Ti pi\u0161kotki omogo\u010dajo, da si spletna stran zapomni va\u0161e izbire (na primer uporabni\u0161ko ime, jezik ali regijo) in vam zagotovi bolj prilagojeno izku\u0161njo.<\/p><p>Uporabo pi\u0161kotkov v Evropski uniji (EU) dolo\u010da Direktiva o zasebnosti in elektronskih komunikacijah 2002\/58\/ES, katere \u010dlen, ki se nana\u0161a na pi\u0161kotke in podobne tehnologije, je bil spremenjen z Direktivo 136\/2009.<\/p><p>V slovenski zakonodaji uporabo pi\u0161kotkov dolo\u010da Zakon o elektronskih komunikacijah oziroma ZEKom-1 (Uradni list \u0161t. 109\/2012), katerega 157. \u010dlen predstavlja pravno osnovo za skrb za zasebnost uporabnikov spleta.<\/p><p>Spletna stran <strong>www.kocavgozdu.si<\/strong>\u00a0za delovanje strani uporablja pi\u0161kotke, ki ne hranijo osebnih podatkov, spremljajo pa aktivnosti obiskovalcev in zanimanje z namenom zagotavljanja bolj\u0161e uporabni\u0161ke izku\u0161nje. Z uporabo spletne strani obiskovalci sogla\u0161ajo z njihovo uporabo.<\/p><p>\u010ce ne \u017eelite uporabljati pi\u0161kotkov, nastavite svoj ra\u010dunalnik tako, da izbri\u0161e vse pi\u0161kotke spletnih strani in\/ali vas opozori, preden se pi\u0161kotek shrani na disk. \u010ce ne \u017eelite spremeniti uporabe pi\u0161kotkov, preprosto nadaljujte na spletno stran.<\/p><div class=\"elementor-element elementor-element-9a37bc2 elementor-widget elementor-widget-text-editor\" data-id=\"9a37bc2\" data-element_type=\"widget\" data-widget_type=\"text-editor.default\"><div class=\"elementor-widget-container\"><div class=\"wpb_text_column wpb_content_element\"><div class=\"wpb_wrapper\"><p class=\"plain\"><strong>Kako upravljati pi\u0161kotke na osebnem ra\u010dunalniku\u00a0<\/strong><\/p><p>\u010ce \u017eelite onemogo\u010diti pi\u0161kotke na\u0161e spletne strani, sledite spodnjim korakom.<\/p><\/div><\/div><\/div><\/div><div class=\"elementor-element elementor-element-72b9a36 elementor-widget elementor-widget-text-editor\" data-id=\"72b9a36\" data-element_type=\"widget\" data-widget_type=\"text-editor.default\"><div class=\"elementor-widget-container\"><div class=\"wpb_text_column wpb_content_element\"><div class=\"wpb_wrapper\"><ol><li><p><strong>Google Chrome:<\/strong><\/p><ul><li>Odprite brskalnik Google Chrome.<\/li><li>Kliknite na tri pike v zgornjem desnem kotu okna (nad oknom za brskanje).<\/li><li>Izberite \u201cNastavitve\u201d.<\/li><li>Pomaknite se navzdol in kliknite na \u201cNapredne\u201d.<\/li><li>Pod razdelkom \u201cZasebnost in varnost\u201d kliknite na \u201cNastavitve vsebine\u201d.<\/li><li>Izberite \u201cPi\u0161kotki\u201d.<\/li><li>Preklopite stikalo na \u201cBlokiraj\u201d za onemogo\u010danje pi\u0161kotkov.<\/li><\/ul><\/li><li><p><strong>Mozilla Firefox:<\/strong><\/p><ul><li>Odprite brskalnik Mozilla Firefox.<\/li><li>Kliknite na tri \u010drte v zgornjem desnem kotu okna (nad oknom za brskanje).<\/li><li>Izberite \u201cNastavitve\u201d.<\/li><li>Pomaknite se do razdelka \u201cZasebnost &amp; varnost\u201d.<\/li><li>V razdelku \u201cZgodovina\u201d izberite \u201cUporabi nastavitve po meri za zgodovino\u201d.<\/li><li>Ozna\u010dite polje \u201cSprejmi pi\u0161kotke\u201d in izberite \u201cVedno\u201d iz padajo\u010dega menija, nato kliknite \u201cV redu\u201d.<\/li><\/ul><\/li><li><p><strong>Microsoft Edge:<\/strong><\/p><ul><li>Odprite brskalnik Microsoft Edge.<\/li><li>Kliknite na tri pike v zgornjem desnem kotu okna (nad oknom za brskanje).<\/li><li>Izberite \u201cNastavitve\u201d.<\/li><li>Pomaknite se navzdol in kliknite na \u201cOgledi vseh nastavitev\u201d.<\/li><li>Izberite \u201cZasebnost in storitve\u201d.<\/li><li>Pod \u201cPi\u0161kotki\u201d preklopite stikalo na \u201cOnemogo\u010di\u201d.<\/li><\/ul><\/li><li><p><strong>Apple Safari:<\/strong><\/p><ul><li>Odprite brskalnik Safari.<\/li><li>Kliknite na \u201cSafari\u201d v zgornji meni vrstici.<\/li><li>Izberite \u201cNastavitve\u201d.<\/li><li>Kliknite na \u201cZasebnost\u201d.<\/li><li>V razdelku \u201cPi\u0161kotki in podatki spletnih mest\u201d izberite \u201cVedno blokiraj\u201d.<\/li><\/ul><\/li><\/ol><p>Po izvedbi teh korakov boste onemogo\u010dili pi\u0161kotke v izbranem brskalniku na va\u0161em osebnem ra\u010dunalniku. Upo\u0161tevajte, da bo onemogo\u010danje pi\u0161kotkov lahko vplivalo na izku\u0161njo brskanja na spletnem mestu.<\/p><\/div><\/div><\/div><\/div><\/div><\/div><\/div>\t\t\t\t\t\t<\/div>\n\t\t\t\t<\/div>\n\t\t\t\t\t<\/div>\n\t\t<\/div>\n\t\t\t\t\t\t\t<\/div>\n\t\t<\/section>\n\t\t\t\t\t\t\t<\/div>","protected":false},"excerpt":{"rendered":"<p>politika pi\u0161kotkov Na\u0161a spletna stran uporablja pi\u0161kotke, da vam omogo\u010dimo bolj\u0161o uporabni\u0161ko izku\u0161njo. Pi\u0161kotki so majhne besedilne datoteke, ki se shranijo na va\u0161em ra\u010dunalniku ali napravi, ko obi\u0161\u010dete spletno stran. Uporabljamo jih z namenom analize prometa, prilagajanja vsebine, zagotavljanja funkcionalnosti dru\u017ebenih medijev in bolj\u0161e razumevanje va\u0161ih interesov. Vrste pi\u0161kotkov: 1. Obvezni pi\u0161kotki: Ti pi\u0161kotki so nujni za delovanje osnovnih funkcij spletne strani. Brez teh pi\u0161kotkov ne bi mogli uporabljati na\u0161e spletne strani v celoti. 2. Analiti\u010dni pi\u0161kotki: Ti pi\u0161kotki nam omogo\u010dajo sledenje anonimnih podatkov o tem, kako uporabljate na\u0161o spletno stran. Te informacije nam pomagajo izbolj\u0161ati strukturo in vsebino spletne\u2026<\/p>","protected":false},"author":1,"featured_media":0,"parent":0,"menu_order":0,"comment_status":"closed","ping_status":"closed","template":"","meta":{"_seopress_robots_primary_cat":"","footnotes":""},"class_list":["post-8928","page","type-page","status-publish","hentry"],"blocksy_meta":"","_links":{"self":[{"href":"https:\/\/www.kocavgozdu.si\/en\/wp-json\/wp\/v2\/pages\/8928","targetHints":{"allow":["GET"]}}],"collection":[{"href":"https:\/\/www.kocavgozdu.si\/en\/wp-json\/wp\/v2\/pages"}],"about":[{"href":"https:\/\/www.kocavgozdu.si\/en\/wp-json\/wp\/v2\/types\/page"}],"author":[{"embeddable":true,"href":"https:\/\/www.kocavgozdu.si\/en\/wp-json\/wp\/v2\/users\/1"}],"replies":[{"embeddable":true,"href":"https:\/\/www.kocavgozdu.si\/en\/wp-json\/wp\/v2\/comments?post=8928"}],"version-history":[{"count":22,"href":"https:\/\/www.kocavgozdu.si\/en\/wp-json\/wp\/v2\/pages\/8928\/revisions"}],"predecessor-version":[{"id":10107,"href":"https:\/\/www.kocavgozdu.si\/en\/wp-json\/wp\/v2\/pages\/8928\/revisions\/10107"}],"wp:attachment":[{"href":"https:\/\/www.kocavgozdu.si\/en\/wp-json\/wp\/v2\/media?parent=8928"}],"curies":[{"name":"wp","href":"https:\/\/api.w.org\/{rel}","templated":true}]}}