{"id":8942,"date":"2023-08-29T11:46:56","date_gmt":"2023-08-29T11:46:56","guid":{"rendered":"https:\/\/www.kmecki-turizem-krajnc.si\/piskotki-copy\/"},"modified":"2024-05-21T14:48:06","modified_gmt":"2024-05-21T14:48:06","slug":"politika-zasebnosti","status":"publish","type":"page","link":"https:\/\/www.kocavgozdu.si\/en\/politika-zasebnosti\/","title":{"rendered":"Politika zasebnosti"},"content":{"rendered":"<div data-elementor-type=\"wp-page\" data-elementor-id=\"8942\" class=\"elementor elementor-8942\">\n\t\t\t\t\t\t\t\t\t<section class=\"elementor-section elementor-top-section elementor-element elementor-element-6326ddb elementor-section-height-min-height ct-section-stretched elementor-section-boxed elementor-section-height-default elementor-section-items-middle\" data-id=\"6326ddb\" data-element_type=\"section\" data-settings=\"{&quot;jet_parallax_layout_list&quot;:[],&quot;background_background&quot;:&quot;classic&quot;}\">\n\t\t\t\t\t\t<div class=\"elementor-container elementor-column-gap-no\">\n\t\t\t\t\t<div class=\"elementor-column elementor-col-100 elementor-top-column elementor-element elementor-element-bf20956\" data-id=\"bf20956\" data-element_type=\"column\">\n\t\t\t<div class=\"elementor-widget-wrap\">\n\t\t\t\t\t\t\t\t\t<\/div>\n\t\t<\/div>\n\t\t\t\t\t\t\t<\/div>\n\t\t<\/section>\n\t\t\t\t<section class=\"elementor-section elementor-top-section elementor-element elementor-element-ab003c5 ct-section-stretched elementor-section-boxed elementor-section-height-default elementor-section-height-default\" data-id=\"ab003c5\" data-element_type=\"section\" data-settings=\"{&quot;jet_parallax_layout_list&quot;:[]}\">\n\t\t\t\t\t\t<div class=\"elementor-container elementor-column-gap-default\">\n\t\t\t\t\t<div class=\"elementor-column elementor-col-100 elementor-top-column elementor-element elementor-element-0777bb2\" data-id=\"0777bb2\" data-element_type=\"column\">\n\t\t\t<div class=\"elementor-widget-wrap elementor-element-populated\">\n\t\t\t\t\t\t\t\t<div class=\"elementor-element elementor-element-1f44d03 elementor-widget elementor-widget-heading\" data-id=\"1f44d03\" data-element_type=\"widget\" data-widget_type=\"heading.default\">\n\t\t\t\t<div class=\"elementor-widget-container\">\n\t\t\t<style>\/*! elementor - v3.12.1 - 02-04-2023 *\/\n.elementor-heading-title{padding:0;margin:0;line-height:1}.elementor-widget-heading .elementor-heading-title[class*=elementor-size-]>a{color:inherit;font-size:inherit;line-height:inherit}.elementor-widget-heading .elementor-heading-title.elementor-size-small{font-size:15px}.elementor-widget-heading .elementor-heading-title.elementor-size-medium{font-size:19px}.elementor-widget-heading .elementor-heading-title.elementor-size-large{font-size:29px}.elementor-widget-heading .elementor-heading-title.elementor-size-xl{font-size:39px}.elementor-widget-heading .elementor-heading-title.elementor-size-xxl{font-size:59px}<\/style><h2 class=\"elementor-heading-title elementor-size-default\">politika zasebnosti<\/h2>\t\t<\/div>\n\t\t\t\t<\/div>\n\t\t\t\t<div class=\"elementor-element elementor-element-dd3876e elementor-widget-divider--view-line elementor-widget elementor-widget-divider\" data-id=\"dd3876e\" data-element_type=\"widget\" data-widget_type=\"divider.default\">\n\t\t\t\t<div class=\"elementor-widget-container\">\n\t\t\t<style>\/*! elementor - v3.12.1 - 02-04-2023 *\/\n.elementor-widget-divider{--divider-border-style:none;--divider-border-width:1px;--divider-color:#0c0d0e;--divider-icon-size:20px;--divider-element-spacing:10px;--divider-pattern-height:24px;--divider-pattern-size:20px;--divider-pattern-url:none;--divider-pattern-repeat:repeat-x}.elementor-widget-divider .elementor-divider{display:flex}.elementor-widget-divider .elementor-divider__text{font-size:15px;line-height:1;max-width:95%}.elementor-widget-divider .elementor-divider__element{margin:0 var(--divider-element-spacing);flex-shrink:0}.elementor-widget-divider .elementor-icon{font-size:var(--divider-icon-size)}.elementor-widget-divider .elementor-divider-separator{display:flex;margin:0;direction:ltr}.elementor-widget-divider--view-line_icon .elementor-divider-separator,.elementor-widget-divider--view-line_text .elementor-divider-separator{align-items:center}.elementor-widget-divider--view-line_icon .elementor-divider-separator:after,.elementor-widget-divider--view-line_icon .elementor-divider-separator:before,.elementor-widget-divider--view-line_text .elementor-divider-separator:after,.elementor-widget-divider--view-line_text .elementor-divider-separator:before{display:block;content:\"\";border-bottom:0;flex-grow:1;border-top:var(--divider-border-width) var(--divider-border-style) var(--divider-color)}.elementor-widget-divider--element-align-left .elementor-divider .elementor-divider-separator>.elementor-divider__svg:first-of-type{flex-grow:0;flex-shrink:100}.elementor-widget-divider--element-align-left .elementor-divider-separator:before{content:none}.elementor-widget-divider--element-align-left .elementor-divider__element{margin-left:0}.elementor-widget-divider--element-align-right .elementor-divider .elementor-divider-separator>.elementor-divider__svg:last-of-type{flex-grow:0;flex-shrink:100}.elementor-widget-divider--element-align-right .elementor-divider-separator:after{content:none}.elementor-widget-divider--element-align-right .elementor-divider__element{margin-right:0}.elementor-widget-divider:not(.elementor-widget-divider--view-line_text):not(.elementor-widget-divider--view-line_icon) .elementor-divider-separator{border-top:var(--divider-border-width) var(--divider-border-style) var(--divider-color)}.elementor-widget-divider--separator-type-pattern{--divider-border-style:none}.elementor-widget-divider--separator-type-pattern.elementor-widget-divider--view-line .elementor-divider-separator,.elementor-widget-divider--separator-type-pattern:not(.elementor-widget-divider--view-line) .elementor-divider-separator:after,.elementor-widget-divider--separator-type-pattern:not(.elementor-widget-divider--view-line) .elementor-divider-separator:before,.elementor-widget-divider--separator-type-pattern:not([class*=elementor-widget-divider--view]) .elementor-divider-separator{width:100%;min-height:var(--divider-pattern-height);-webkit-mask-size:var(--divider-pattern-size) 100%;mask-size:var(--divider-pattern-size) 100%;-webkit-mask-repeat:var(--divider-pattern-repeat);mask-repeat:var(--divider-pattern-repeat);background-color:var(--divider-color);-webkit-mask-image:var(--divider-pattern-url);mask-image:var(--divider-pattern-url)}.elementor-widget-divider--no-spacing{--divider-pattern-size:auto}.elementor-widget-divider--bg-round{--divider-pattern-repeat:round}.rtl .elementor-widget-divider .elementor-divider__text{direction:rtl}.e-con-inner>.elementor-widget-divider,.e-con>.elementor-widget-divider{width:var(--container-widget-width,100%);--flex-grow:var(--container-widget-flex-grow)}<\/style>\t\t<div class=\"elementor-divider\">\n\t\t\t<span class=\"elementor-divider-separator\">\n\t\t\t\t\t\t<\/span>\n\t\t<\/div>\n\t\t\t\t<\/div>\n\t\t\t\t<\/div>\n\t\t\t\t<div class=\"elementor-element elementor-element-4ad3cfa8 elementor-widget elementor-widget-text-editor\" data-id=\"4ad3cfa8\" data-element_type=\"widget\" data-widget_type=\"text-editor.default\">\n\t\t\t\t<div class=\"elementor-widget-container\">\n\t\t\t<style>\/*! elementor - v3.12.1 - 02-04-2023 *\/\n.elementor-widget-text-editor.elementor-drop-cap-view-stacked .elementor-drop-cap{background-color:#69727d;color:#fff}.elementor-widget-text-editor.elementor-drop-cap-view-framed .elementor-drop-cap{color:#69727d;border:3px solid;background-color:transparent}.elementor-widget-text-editor:not(.elementor-drop-cap-view-default) .elementor-drop-cap{margin-top:8px}.elementor-widget-text-editor:not(.elementor-drop-cap-view-default) .elementor-drop-cap-letter{width:1em;height:1em}.elementor-widget-text-editor .elementor-drop-cap{float:left;text-align:center;line-height:1;font-size:50px}.elementor-widget-text-editor .elementor-drop-cap-letter{display:inline-block}<\/style>\t\t\t\t<div><div><div><p>Dobrodo\u0161li na spletni strani podjetja Kme\u010dki turizem Krajnc. V tej politiki zasebnosti \u017eelimo pojasniti, kako zbiramo, uporabljamo in varujemo va\u0161e osebne podatke, ki jih posredujete prek na\u0161e spletne strani, izklju\u010dno za namene izvedbe rezervacij. Va\u0161a zasebnost je za nas klju\u010dnega pomena, zato ravnajte previdno s podatki, ki jih posredujete, ter si preberite to politiko zasebnosti, da boste razumeli, kako ravnamo s temi podatki.<\/p><p><strong>Zbiranje in uporaba osebnih podatkov<\/strong><\/p><p>Pri izpolnitvi kontaktnega obrazca za povpra\u0161evanje namestitve na na\u0161i spletni strani vas bomo prosili za dolo\u010dene osebne podatke, kot so va\u0161e ime, priimek, telefonska \u0161tevilka, elektronski naslov in druge podatke (datum in \u0161t. oseb), ki jih potrebujemo za odgovor na va\u0161e povpra\u0161evanje. Ti podatki se zbirajo izklju\u010dno z namenom, da vam omogo\u010dimo izvedbo rezervacije oziroma ustrezno obravnavo va\u0161ega povpra\u0161evanja in komuniciranje v zvezi s povpra\u0161evanjem in rezervacijo.<br \/>Podatke zbira Ko\u010da v gozdu.<\/p><p><strong>Razkritje podatkov tretjim osebam<\/strong><\/p><p>Va\u0161e osebne podatke obravnavamo z najve\u010djo skrbnostjo in spo\u0161tovanjem. Podatki se v primeru bivanja posredujejo aplikaciji e-turizem za potrebe<br \/>poro\u010danja o \u0161tevilu gostov in no\u010ditev. Ostalim tretjim osebam se<br \/>podatki ne posredujejo.<\/p><p><strong>Varovanje podatkov<\/strong><\/p><p>Va\u0161e osebne podatke varujemo pred nepoobla\u0161\u010denim dostopom, izgubo, zlorabo ali razkritjem.\u00a0<\/p><p><strong>Shranjevanje podatkov<\/strong><\/p><p>Va\u0161e osebne podatke bomo hranili le toliko \u010dasa, kot je potrebno za izvedbo rezervacije, obravnavo povpra\u0161evanja ali izpolnitev pravnih obveznosti. Po potrebi bomo podatke izbrisali ali anonimizirali, da jih ne bo ve\u010d mogo\u010de povezati z vami.<\/p><p><strong>Va\u0161e pravice<\/strong><\/p><p>Imate pravico do vpogleda v svoje osebne podatke, ki jih hranimo, ter do popravka ali izbrisa podatkov, kadar to veljavna zakonodaja dovoljuje. Za uveljavljanje teh pravic nas lahko kontaktirate prek navedenih kontaktnih informacij.<\/p><p><strong>Spremembe politike zasebnosti<\/strong><\/p><p>Politika zasebnosti se lahko s\u010dasoma spremeni zaradi posodobitev zakonodaje ali sprememb na\u0161ih storitev. Spremembe bodo objavljene na tej spletni strani, zato redno preverjajte to stran za najnovej\u0161e informacije.<\/p><p><strong>Contact<\/strong><\/p><p>Za vpra\u0161anja ali skrbi glede zasebnosti in obdelave podatkov nas prosimo kontaktirajte na info@kocavgozdu.si<\/p><p>Zahvaljujemo se vam za zaupanje in izbiro na\u0161e spletne strani za izvedbo rezervacij in povpra\u0161evanj.\u00a0<\/p><\/div><\/div><\/div>\t\t\t\t\t\t<\/div>\n\t\t\t\t<\/div>\n\t\t\t\t\t<\/div>\n\t\t<\/div>\n\t\t\t\t\t\t\t<\/div>\n\t\t<\/section>\n\t\t\t\t\t\t\t<\/div>","protected":false},"excerpt":{"rendered":"<p>politika zasebnosti Dobrodo\u0161li na spletni strani podjetja Kme\u010dki turizem Krajnc. V tej politiki zasebnosti \u017eelimo pojasniti, kako zbiramo, uporabljamo in varujemo va\u0161e osebne podatke, ki jih posredujete prek na\u0161e spletne strani, izklju\u010dno za namene izvedbe rezervacij. Va\u0161a zasebnost je za nas klju\u010dnega pomena, zato ravnajte previdno s podatki, ki jih posredujete, ter si preberite to politiko zasebnosti, da boste razumeli, kako ravnamo s temi podatki. Zbiranje in uporaba osebnih podatkov Pri izpolnitvi kontaktnega obrazca za povpra\u0161evanje namestitve na na\u0161i spletni strani vas bomo prosili za dolo\u010dene osebne podatke, kot so va\u0161e ime, priimek, telefonska \u0161tevilka, elektronski naslov in druge podatke\u2026<\/p>","protected":false},"author":1,"featured_media":0,"parent":0,"menu_order":0,"comment_status":"closed","ping_status":"closed","template":"","meta":{"_seopress_robots_primary_cat":"","footnotes":""},"class_list":["post-8942","page","type-page","status-publish","hentry"],"blocksy_meta":"","_links":{"self":[{"href":"https:\/\/www.kocavgozdu.si\/en\/wp-json\/wp\/v2\/pages\/8942","targetHints":{"allow":["GET"]}}],"collection":[{"href":"https:\/\/www.kocavgozdu.si\/en\/wp-json\/wp\/v2\/pages"}],"about":[{"href":"https:\/\/www.kocavgozdu.si\/en\/wp-json\/wp\/v2\/types\/page"}],"author":[{"embeddable":true,"href":"https:\/\/www.kocavgozdu.si\/en\/wp-json\/wp\/v2\/users\/1"}],"replies":[{"embeddable":true,"href":"https:\/\/www.kocavgozdu.si\/en\/wp-json\/wp\/v2\/comments?post=8942"}],"version-history":[{"count":19,"href":"https:\/\/www.kocavgozdu.si\/en\/wp-json\/wp\/v2\/pages\/8942\/revisions"}],"predecessor-version":[{"id":10166,"href":"https:\/\/www.kocavgozdu.si\/en\/wp-json\/wp\/v2\/pages\/8942\/revisions\/10166"}],"wp:attachment":[{"href":"https:\/\/www.kocavgozdu.si\/en\/wp-json\/wp\/v2\/media?parent=8942"}],"curies":[{"name":"wp","href":"https:\/\/api.w.org\/{rel}","templated":true}]}}